{"id":987,"date":"2017-09-05T23:07:53","date_gmt":"2017-09-05T21:07:53","guid":{"rendered":"https:\/\/rowshop.com\/shop\/okategoriserad\/spannband\/"},"modified":"2018-02-17T22:24:51","modified_gmt":"2018-02-17T21:24:51","slug":"spannband","status":"publish","type":"product","link":"https:\/\/rowshop.com\/sv\/butik\/reservdelar\/spannband\/","title":{"rendered":"Sp\u00e4nnband"},"content":{"rendered":"<p>Sp\u00e4nnband i kraftigt utf\u00f6rande f\u00f6r s\u00e4ker f\u00f6rankring av b\u00e5tar under transport. F\u00f6rsedd med ett skyddsh\u00f6je f\u00f6r att undvika att metallsp\u00e4nnet skaver mot skrovet. Finns i tv\u00e5 olika l\u00e4ngder.<\/p>\n","protected":false},"excerpt":{"rendered":"<p>Sp\u00e4nnband i kraftigt utf\u00f6rande f\u00f6r s\u00e4ker f\u00f6rankring av b\u00e5tar under transport. F\u00f6rsedd med ett skyddsh\u00f6je f\u00f6r att undvika att metallsp\u00e4nnet skaver mot skrovet. Finns i tv\u00e5 olika l\u00e4ngder.<\/p>\n","protected":false},"featured_media":833,"template":"","meta":{"_acf_changed":false},"product_brand":[],"product_cat":[111],"product_tag":[143],"class_list":{"0":"post-987","1":"product","2":"type-product","3":"status-publish","4":"has-post-thumbnail","6":"product_cat-reservdelar","7":"product_tag-transport-sv","9":"first","10":"instock","11":"taxable","12":"shipping-taxable","13":"purchasable","14":"product-type-variable"},"acf":[],"_links":{"self":[{"href":"https:\/\/rowshop.com\/sv\/wp-json\/wp\/v2\/product\/987","targetHints":{"allow":["GET"]}}],"collection":[{"href":"https:\/\/rowshop.com\/sv\/wp-json\/wp\/v2\/product"}],"about":[{"href":"https:\/\/rowshop.com\/sv\/wp-json\/wp\/v2\/types\/product"}],"wp:featuredmedia":[{"embeddable":true,"href":"https:\/\/rowshop.com\/sv\/wp-json\/wp\/v2\/media\/833"}],"wp:attachment":[{"href":"https:\/\/rowshop.com\/sv\/wp-json\/wp\/v2\/media?parent=987"}],"wp:term":[{"taxonomy":"product_brand","embeddable":true,"href":"https:\/\/rowshop.com\/sv\/wp-json\/wp\/v2\/product_brand?post=987"},{"taxonomy":"product_cat","embeddable":true,"href":"https:\/\/rowshop.com\/sv\/wp-json\/wp\/v2\/product_cat?post=987"},{"taxonomy":"product_tag","embeddable":true,"href":"https:\/\/rowshop.com\/sv\/wp-json\/wp\/v2\/product_tag?post=987"}],"curies":[{"name":"wp","href":"https:\/\/api.w.org\/{rel}","templated":true}]}}