{"id":994,"date":"2017-09-05T22:56:40","date_gmt":"2017-09-05T20:56:40","guid":{"rendered":"https:\/\/rowshop.com\/shop\/okategoriserad\/verktygsvaska\/"},"modified":"2018-02-17T22:27:27","modified_gmt":"2018-02-17T21:27:27","slug":"verktygsvaska","status":"publish","type":"product","link":"https:\/\/rowshop.com\/sv\/butik\/utrustning\/verktygsvaska\/","title":{"rendered":"Verktygsv\u00e4ska"},"content":{"rendered":"<p>Perfekt och smidig f\u00f6rvaring av s\u00e5v\u00e4l verktyg som tillbeh\u00f6r. Gjord i kraftig, vattenavvisande nylon. Finns i tre olika storlekar.<\/p>\n","protected":false},"excerpt":{"rendered":"<p>Perfekt och smidig f\u00f6rvaring av s\u00e5v\u00e4l verktyg som tillbeh\u00f6r. Gjord i kraftig, vattenavvisande nylon. Finns i tre olika storlekar.<\/p>\n","protected":false},"featured_media":775,"template":"","meta":{"_acf_changed":false},"product_brand":[],"product_cat":[107],"product_tag":[145],"class_list":{"0":"post-994","1":"product","2":"type-product","3":"status-publish","4":"has-post-thumbnail","6":"product_cat-utrustning","7":"product_tag-wintech-racing-sv","9":"first","10":"instock","11":"taxable","12":"shipping-taxable","13":"purchasable","14":"product-type-simple"},"acf":[],"_links":{"self":[{"href":"https:\/\/rowshop.com\/sv\/wp-json\/wp\/v2\/product\/994","targetHints":{"allow":["GET"]}}],"collection":[{"href":"https:\/\/rowshop.com\/sv\/wp-json\/wp\/v2\/product"}],"about":[{"href":"https:\/\/rowshop.com\/sv\/wp-json\/wp\/v2\/types\/product"}],"wp:featuredmedia":[{"embeddable":true,"href":"https:\/\/rowshop.com\/sv\/wp-json\/wp\/v2\/media\/775"}],"wp:attachment":[{"href":"https:\/\/rowshop.com\/sv\/wp-json\/wp\/v2\/media?parent=994"}],"wp:term":[{"taxonomy":"product_brand","embeddable":true,"href":"https:\/\/rowshop.com\/sv\/wp-json\/wp\/v2\/product_brand?post=994"},{"taxonomy":"product_cat","embeddable":true,"href":"https:\/\/rowshop.com\/sv\/wp-json\/wp\/v2\/product_cat?post=994"},{"taxonomy":"product_tag","embeddable":true,"href":"https:\/\/rowshop.com\/sv\/wp-json\/wp\/v2\/product_tag?post=994"}],"curies":[{"name":"wp","href":"https:\/\/api.w.org\/{rel}","templated":true}]}}