{"id":995,"date":"2017-09-05T22:51:21","date_gmt":"2017-09-05T20:51:21","guid":{"rendered":"https:\/\/rowshop.com\/shop\/okategoriserad\/slejdbana\/"},"modified":"2018-02-17T22:52:40","modified_gmt":"2018-02-17T21:52:40","slug":"slejdbana","status":"publish","type":"product","link":"https:\/\/rowshop.com\/sv\/butik\/reservdelar\/slejdbana\/","title":{"rendered":"Slejdbana"},"content":{"rendered":"<p>Slejdbana i specialbehandlad aluminium. finns i tv\u00e5 olika l\u00e4ngder. Levereras komplett med \u00e4ndstopp och monteringsskruvar. S\u00e4ljes i par om tv\u00e5 slejdbanor.<\/p>\n","protected":false},"excerpt":{"rendered":"<p>Slejdbanor &#8211; Original fr\u00e5n WinTech.<\/p>\n","protected":false},"featured_media":1087,"template":"","meta":{"_acf_changed":false},"product_brand":[],"product_cat":[111],"product_tag":[145],"class_list":{"0":"post-995","1":"product","2":"type-product","3":"status-publish","4":"has-post-thumbnail","6":"product_cat-reservdelar","7":"product_tag-wintech-racing-sv","9":"first","10":"instock","11":"taxable","12":"shipping-taxable","13":"purchasable","14":"product-type-simple"},"acf":[],"_links":{"self":[{"href":"https:\/\/rowshop.com\/sv\/wp-json\/wp\/v2\/product\/995","targetHints":{"allow":["GET"]}}],"collection":[{"href":"https:\/\/rowshop.com\/sv\/wp-json\/wp\/v2\/product"}],"about":[{"href":"https:\/\/rowshop.com\/sv\/wp-json\/wp\/v2\/types\/product"}],"wp:featuredmedia":[{"embeddable":true,"href":"https:\/\/rowshop.com\/sv\/wp-json\/wp\/v2\/media\/1087"}],"wp:attachment":[{"href":"https:\/\/rowshop.com\/sv\/wp-json\/wp\/v2\/media?parent=995"}],"wp:term":[{"taxonomy":"product_brand","embeddable":true,"href":"https:\/\/rowshop.com\/sv\/wp-json\/wp\/v2\/product_brand?post=995"},{"taxonomy":"product_cat","embeddable":true,"href":"https:\/\/rowshop.com\/sv\/wp-json\/wp\/v2\/product_cat?post=995"},{"taxonomy":"product_tag","embeddable":true,"href":"https:\/\/rowshop.com\/sv\/wp-json\/wp\/v2\/product_tag?post=995"}],"curies":[{"name":"wp","href":"https:\/\/api.w.org\/{rel}","templated":true}]}}