{"id":996,"date":"2017-09-05T22:44:29","date_gmt":"2017-09-05T20:44:29","guid":{"rendered":"https:\/\/rowshop.com\/shop\/okategoriserad\/slejdchassi\/"},"modified":"2018-02-17T22:53:29","modified_gmt":"2018-02-17T21:53:29","slug":"slejdchassi","status":"publish","type":"product","link":"https:\/\/rowshop.com\/sv\/butik\/reservdelar\/slejdchassi\/","title":{"rendered":"Slejdchassi"},"content":{"rendered":"<p>Underrede eller chassi till slejd. Finns i ett flertal olika varianter eftersom bredden mellan slejdhjulen varierar fr\u00e5n b\u00e5t till b\u00e5t. Konstruktion i rostfritt st\u00e5l och aluminium. Levereras utan slejd.<\/p>\n","protected":false},"excerpt":{"rendered":"<p>Underrede till slejd i rostfritt st\u00e5l och aluminium. finns i flera olika bredder.<\/p>\n","protected":false},"featured_media":1117,"template":"","meta":{"_acf_changed":false},"product_brand":[],"product_cat":[111],"product_tag":[145],"class_list":{"0":"post-996","1":"product","2":"type-product","3":"status-publish","4":"has-post-thumbnail","6":"product_cat-reservdelar","7":"product_tag-wintech-racing-sv","9":"first","10":"instock","11":"taxable","12":"shipping-taxable","13":"purchasable","14":"product-type-simple"},"acf":[],"_links":{"self":[{"href":"https:\/\/rowshop.com\/sv\/wp-json\/wp\/v2\/product\/996","targetHints":{"allow":["GET"]}}],"collection":[{"href":"https:\/\/rowshop.com\/sv\/wp-json\/wp\/v2\/product"}],"about":[{"href":"https:\/\/rowshop.com\/sv\/wp-json\/wp\/v2\/types\/product"}],"wp:featuredmedia":[{"embeddable":true,"href":"https:\/\/rowshop.com\/sv\/wp-json\/wp\/v2\/media\/1117"}],"wp:attachment":[{"href":"https:\/\/rowshop.com\/sv\/wp-json\/wp\/v2\/media?parent=996"}],"wp:term":[{"taxonomy":"product_brand","embeddable":true,"href":"https:\/\/rowshop.com\/sv\/wp-json\/wp\/v2\/product_brand?post=996"},{"taxonomy":"product_cat","embeddable":true,"href":"https:\/\/rowshop.com\/sv\/wp-json\/wp\/v2\/product_cat?post=996"},{"taxonomy":"product_tag","embeddable":true,"href":"https:\/\/rowshop.com\/sv\/wp-json\/wp\/v2\/product_tag?post=996"}],"curies":[{"name":"wp","href":"https:\/\/api.w.org\/{rel}","templated":true}]}}