{"id":997,"date":"2017-09-05T22:19:50","date_gmt":"2017-09-05T20:19:50","guid":{"rendered":"https:\/\/rowshop.com\/shop\/okategoriserad\/slejd-high-performance\/"},"modified":"2018-02-17T22:31:51","modified_gmt":"2018-02-17T21:31:51","slug":"slejd-high-performance","status":"publish","type":"product","link":"https:\/\/rowshop.com\/sv\/butik\/reservdelar\/slejd-high-performance\/","title":{"rendered":"Slejd &#8221;high performance&#8221;"},"content":{"rendered":"<p>Slejd tillverkad av carbon. L\u00e4tt, h\u00e5rd och stark. finns med eller utan h\u00e5l och i olika storlekar.<\/p>\n","protected":false},"excerpt":{"rendered":"<p>Sits till slejd tillverkad av kompositmaterialet Kevlar f\u00f6r b\u00e4sta h\u00e5llbarhet i kombination med l\u00e5g vikt. Sitsen finns i tre olika storlekar och \u00e4r hel utan h\u00e5l f\u00f6r sittbenen.<br \/>\nOBS : Bilden visar slejd med komplett underrede. Ing\u00e5r inte i denna produkt. Endast sitsen ing\u00e5r.<\/p>\n","protected":false},"featured_media":790,"template":"","meta":{"_acf_changed":false},"product_brand":[],"product_cat":[111],"product_tag":[145],"class_list":{"0":"post-997","1":"product","2":"type-product","3":"status-publish","4":"has-post-thumbnail","6":"product_cat-reservdelar","7":"product_tag-wintech-racing-sv","9":"first","10":"instock","11":"taxable","12":"shipping-taxable","13":"purchasable","14":"product-type-simple"},"acf":[],"_links":{"self":[{"href":"https:\/\/rowshop.com\/sv\/wp-json\/wp\/v2\/product\/997","targetHints":{"allow":["GET"]}}],"collection":[{"href":"https:\/\/rowshop.com\/sv\/wp-json\/wp\/v2\/product"}],"about":[{"href":"https:\/\/rowshop.com\/sv\/wp-json\/wp\/v2\/types\/product"}],"wp:featuredmedia":[{"embeddable":true,"href":"https:\/\/rowshop.com\/sv\/wp-json\/wp\/v2\/media\/790"}],"wp:attachment":[{"href":"https:\/\/rowshop.com\/sv\/wp-json\/wp\/v2\/media?parent=997"}],"wp:term":[{"taxonomy":"product_brand","embeddable":true,"href":"https:\/\/rowshop.com\/sv\/wp-json\/wp\/v2\/product_brand?post=997"},{"taxonomy":"product_cat","embeddable":true,"href":"https:\/\/rowshop.com\/sv\/wp-json\/wp\/v2\/product_cat?post=997"},{"taxonomy":"product_tag","embeddable":true,"href":"https:\/\/rowshop.com\/sv\/wp-json\/wp\/v2\/product_tag?post=997"}],"curies":[{"name":"wp","href":"https:\/\/api.w.org\/{rel}","templated":true}]}}